{"id":2573,"date":"2024-02-11T17:42:45","date_gmt":"2024-02-11T20:42:45","guid":{"rendered":"https:\/\/corporatecenter.com.br\/home\/?page_id=2573"},"modified":"2024-11-14T08:46:03","modified_gmt":"2024-11-14T11:46:03","slug":"cozzer","status":"publish","type":"page","link":"https:\/\/corporatecenter.com.br\/home\/?page_id=2573","title":{"rendered":"Cozzer"},"content":{"rendered":"<h3 style=\"text-align: center;\">Dra. <strong>ELIS\u00c2NGELA COZZER<\/strong><\/h3>\n<hr \/>\n<p>&nbsp;<\/p>\n<p style=\"text-align: center;\"><img fetchpriority=\"high\" decoding=\"async\" class=\"alignnone size-full wp-image-2574\" src=\"https:\/\/corporatecenter.com.br\/home\/wp-content\/uploads\/2024\/02\/pag1.jpg\" alt=\"\" width=\"681\" height=\"911\" srcset=\"https:\/\/corporatecenter.com.br\/home\/wp-content\/uploads\/2024\/02\/pag1.jpg 681w, https:\/\/corporatecenter.com.br\/home\/wp-content\/uploads\/2024\/02\/pag1-224x300.jpg 224w\" sizes=\"(max-width: 681px) 100vw, 681px\" \/><\/p>\n<p>&nbsp;<\/p>\n<p style=\"text-align: center;\"><img decoding=\"async\" class=\"alignnone size-full wp-image-2575\" src=\"https:\/\/corporatecenter.com.br\/home\/wp-content\/uploads\/2024\/02\/pag2.jpg\" alt=\"\" width=\"675\" height=\"902\" srcset=\"https:\/\/corporatecenter.com.br\/home\/wp-content\/uploads\/2024\/02\/pag2.jpg 675w, https:\/\/corporatecenter.com.br\/home\/wp-content\/uploads\/2024\/02\/pag2-225x300.jpg 225w\" sizes=\"(max-width: 675px) 100vw, 675px\" \/><\/p>\n<p>&nbsp;<\/p>\n<p style=\"text-align: center;\"><strong>Hor\u00e1rio de Funcionamento<\/strong><br \/>\nSegunda a sexta-feira<br \/>\n08:00 \u00e0s 17:00 horas<br \/>\nTelefone: (27) 99867-0049<\/p>\n<p style=\"text-align: center;\"><a href=\"https:\/\/www.instagram.com\/dra.elisangelacozzer\/\" target=\"_blank\" rel=\"noopener\"><img decoding=\"async\" class=\"alignnone wp-image-2579\" src=\"https:\/\/corporatecenter.com.br\/home\/wp-content\/uploads\/2024\/02\/instagram-1.jpg\" alt=\"\" width=\"79\" height=\"74\" \/><\/a><\/p>\n","protected":false},"excerpt":{"rendered":"<p>Dra. ELIS\u00c2NGELA COZZER &nbsp; &nbsp; &nbsp; Hor\u00e1rio de Funcionamento Segunda a sexta-feira 08:00 \u00e0s 17:00 horas Telefone: (27) 99867-0049<\/p>\n","protected":false},"author":2,"featured_media":0,"parent":0,"menu_order":0,"comment_status":"closed","ping_status":"closed","template":"","meta":{"site-sidebar-layout":"default","site-content-layout":"default","ast-site-content-layout":"","site-content-style":"default","site-sidebar-style":"default","ast-global-header-display":"","ast-banner-title-visibility":"disabled","ast-main-header-display":"disabled","ast-hfb-above-header-display":"","ast-hfb-below-header-display":"","ast-hfb-mobile-header-display":"","site-post-title":"disabled","ast-breadcrumbs-content":"","ast-featured-img":"disabled","footer-sml-layout":"disabled","theme-transparent-header-meta":"default","adv-header-id-meta":"","stick-header-meta":"","header-above-stick-meta":"","header-main-stick-meta":"","header-below-stick-meta":"","astra-migrate-meta-layouts":"default","ast-page-background-enabled":"default","ast-page-background-meta":{"desktop":{"background-color":"","background-image":"","background-repeat":"repeat","background-position":"center center","background-size":"auto","background-attachment":"scroll","background-type":"","background-media":"","overlay-type":"","overlay-color":"","overlay-opacity":"","overlay-gradient":""},"tablet":{"background-color":"","background-image":"","background-repeat":"repeat","background-position":"center center","background-size":"auto","background-attachment":"scroll","background-type":"","background-media":"","overlay-type":"","overlay-color":"","overlay-opacity":"","overlay-gradient":""},"mobile":{"background-color":"","background-image":"","background-repeat":"repeat","background-position":"center center","background-size":"auto","background-attachment":"scroll","background-type":"","background-media":"","overlay-type":"","overlay-color":"","overlay-opacity":"","overlay-gradient":""}},"ast-content-background-meta":{"desktop":{"background-color":"var(--ast-global-color-5)","background-image":"","background-repeat":"repeat","background-position":"center center","background-size":"auto","background-attachment":"scroll","background-type":"","background-media":"","overlay-type":"","overlay-color":"","overlay-opacity":"","overlay-gradient":""},"tablet":{"background-color":"var(--ast-global-color-5)","background-image":"","background-repeat":"repeat","background-position":"center center","background-size":"auto","background-attachment":"scroll","background-type":"","background-media":"","overlay-type":"","overlay-color":"","overlay-opacity":"","overlay-gradient":""},"mobile":{"background-color":"var(--ast-global-color-5)","background-image":"","background-repeat":"repeat","background-position":"center center","background-size":"auto","background-attachment":"scroll","background-type":"","background-media":"","overlay-type":"","overlay-color":"","overlay-opacity":"","overlay-gradient":""}},"footnotes":""},"_links":{"self":[{"href":"https:\/\/corporatecenter.com.br\/home\/index.php?rest_route=\/wp\/v2\/pages\/2573"}],"collection":[{"href":"https:\/\/corporatecenter.com.br\/home\/index.php?rest_route=\/wp\/v2\/pages"}],"about":[{"href":"https:\/\/corporatecenter.com.br\/home\/index.php?rest_route=\/wp\/v2\/types\/page"}],"author":[{"embeddable":true,"href":"https:\/\/corporatecenter.com.br\/home\/index.php?rest_route=\/wp\/v2\/users\/2"}],"replies":[{"embeddable":true,"href":"https:\/\/corporatecenter.com.br\/home\/index.php?rest_route=%2Fwp%2Fv2%2Fcomments&post=2573"}],"version-history":[{"count":2,"href":"https:\/\/corporatecenter.com.br\/home\/index.php?rest_route=\/wp\/v2\/pages\/2573\/revisions"}],"predecessor-version":[{"id":2581,"href":"https:\/\/corporatecenter.com.br\/home\/index.php?rest_route=\/wp\/v2\/pages\/2573\/revisions\/2581"}],"wp:attachment":[{"href":"https:\/\/corporatecenter.com.br\/home\/index.php?rest_route=%2Fwp%2Fv2%2Fmedia&parent=2573"}],"curies":[{"name":"wp","href":"https:\/\/api.w.org\/{rel}","templated":true}]}}