{"id":1983,"date":"2020-09-30T18:01:54","date_gmt":"2020-09-30T18:01:54","guid":{"rendered":"https:\/\/corporatecenter.com.br\/home\/?page_id=1983"},"modified":"2020-09-30T18:38:58","modified_gmt":"2020-09-30T18:38:58","slug":"confraternizacoes","status":"publish","type":"page","link":"https:\/\/corporatecenter.com.br\/home\/?page_id=1983","title":{"rendered":"Confraterniza\u00e7\u00f5es"},"content":{"rendered":"<h2><strong>Aniversariantes do M\u00eas<\/strong><\/h2>\n<hr \/>\n<div id='gallery-1' class='gallery galleryid-1983 gallery-columns-3 gallery-size-thumbnail'><figure class='gallery-item'>\n\t\t\t<div class='gallery-icon portrait'>\n\t\t\t\t<a href='https:\/\/corporatecenter.com.br\/home\/wp-content\/uploads\/2020\/09\/Aniversariantes-do-Mes.jpeg' rel=\"lightbox[1983]\"><img decoding=\"async\" width=\"150\" height=\"150\" src=\"https:\/\/corporatecenter.com.br\/home\/wp-content\/uploads\/2020\/09\/Aniversariantes-do-Mes-150x150.jpeg\" class=\"attachment-thumbnail size-thumbnail\" alt=\"\" aria-describedby=\"gallery-1-2007\" \/><\/a>\n\t\t\t<\/div>\n\t\t\t\t<figcaption class='wp-caption-text gallery-caption' id='gallery-1-2007'>\n\t\t\t\tAniversariantes do  M\u00eas\n\t\t\t\t<\/figcaption><\/figure><figure class='gallery-item'>\n\t\t\t<div class='gallery-icon landscape'>\n\t\t\t\t<a href='https:\/\/corporatecenter.com.br\/home\/wp-content\/uploads\/2020\/09\/Aniversariantes-do-Mes-2.jpeg' rel=\"lightbox[1983]\"><img decoding=\"async\" width=\"150\" height=\"150\" src=\"https:\/\/corporatecenter.com.br\/home\/wp-content\/uploads\/2020\/09\/Aniversariantes-do-Mes-2-150x150.jpeg\" class=\"attachment-thumbnail size-thumbnail\" alt=\"\" aria-describedby=\"gallery-1-2006\" \/><\/a>\n\t\t\t<\/div>\n\t\t\t\t<figcaption class='wp-caption-text gallery-caption' id='gallery-1-2006'>\n\t\t\t\tAniversariantes do  M\u00eas\n\t\t\t\t<\/figcaption><\/figure><figure class='gallery-item'>\n\t\t\t<div class='gallery-icon portrait'>\n\t\t\t\t<a href='https:\/\/corporatecenter.com.br\/home\/wp-content\/uploads\/2020\/09\/Aniversariantes-do-Mes-1.jpeg' rel=\"lightbox[1983]\"><img decoding=\"async\" width=\"150\" height=\"150\" src=\"https:\/\/corporatecenter.com.br\/home\/wp-content\/uploads\/2020\/09\/Aniversariantes-do-Mes-1-150x150.jpeg\" class=\"attachment-thumbnail size-thumbnail\" alt=\"\" aria-describedby=\"gallery-1-2005\" \/><\/a>\n\t\t\t<\/div>\n\t\t\t\t<figcaption class='wp-caption-text gallery-caption' id='gallery-1-2005'>\n\t\t\t\tAniversariantes do  M\u00eas\n\t\t\t\t<\/figcaption><\/figure>\n\t\t<\/div>\n\n<h2><\/h2>\n<p>&nbsp;<\/p>\n<h2><strong>Confraterniza\u00e7\u00e3o 2019<\/strong><\/h2>\n<hr \/>\n<div id='gallery-2' class='gallery galleryid-1983 gallery-columns-3 gallery-size-thumbnail'><figure class='gallery-item'>\n\t\t\t<div class='gallery-icon landscape'>\n\t\t\t\t<a href='https:\/\/corporatecenter.com.br\/home\/wp-content\/uploads\/2019\/12\/16-12-2019.jpeg' rel=\"lightbox[1983]\"><img loading=\"lazy\" decoding=\"async\" width=\"150\" height=\"150\" src=\"https:\/\/corporatecenter.com.br\/home\/wp-content\/uploads\/2019\/12\/16-12-2019-150x150.jpeg\" class=\"attachment-thumbnail size-thumbnail\" alt=\"\" aria-describedby=\"gallery-2-1400\" \/><\/a>\n\t\t\t<\/div>\n\t\t\t\t<figcaption class='wp-caption-text gallery-caption' id='gallery-2-1400'>\n\t\t\t\tConfraterniza\u00e7\u00e3o final do ano.\n\t\t\t\t<\/figcaption><\/figure><figure class='gallery-item'>\n\t\t\t<div class='gallery-icon landscape'>\n\t\t\t\t<a href='https:\/\/corporatecenter.com.br\/home\/wp-content\/uploads\/2019\/12\/16-12-2019-.2.jpeg' rel=\"lightbox[1983]\"><img loading=\"lazy\" decoding=\"async\" width=\"150\" height=\"150\" src=\"https:\/\/corporatecenter.com.br\/home\/wp-content\/uploads\/2019\/12\/16-12-2019-.2-150x150.jpeg\" class=\"attachment-thumbnail size-thumbnail\" alt=\"\" aria-describedby=\"gallery-2-1399\" \/><\/a>\n\t\t\t<\/div>\n\t\t\t\t<figcaption class='wp-caption-text gallery-caption' id='gallery-2-1399'>\n\t\t\t\tConfraterniza\u00e7\u00e3o final do ano.\n\t\t\t\t<\/figcaption><\/figure><figure class='gallery-item'>\n\t\t\t<div class='gallery-icon landscape'>\n\t\t\t\t<a href='https:\/\/corporatecenter.com.br\/home\/wp-content\/uploads\/2019\/12\/16-12-2019-.1.jpeg' rel=\"lightbox[1983]\"><img loading=\"lazy\" decoding=\"async\" width=\"150\" height=\"150\" src=\"https:\/\/corporatecenter.com.br\/home\/wp-content\/uploads\/2019\/12\/16-12-2019-.1-150x150.jpeg\" class=\"attachment-thumbnail size-thumbnail\" alt=\"\" aria-describedby=\"gallery-2-1398\" \/><\/a>\n\t\t\t<\/div>\n\t\t\t\t<figcaption class='wp-caption-text gallery-caption' id='gallery-2-1398'>\n\t\t\t\tConfraterniza\u00e7\u00e3o final do ano.\n\t\t\t\t<\/figcaption><\/figure>\n\t\t<\/div>\n\n","protected":false},"excerpt":{"rendered":"<p>Aniversariantes do M\u00eas &nbsp; Confraterniza\u00e7\u00e3o 2019<\/p>\n","protected":false},"author":2,"featured_media":0,"parent":1981,"menu_order":0,"comment_status":"closed","ping_status":"closed","template":"","meta":{"site-sidebar-layout":"default","site-content-layout":"default","ast-site-content-layout":"","site-content-style":"default","site-sidebar-style":"default","ast-global-header-display":"","ast-banner-title-visibility":"","ast-main-header-display":"","ast-hfb-above-header-display":"","ast-hfb-below-header-display":"","ast-hfb-mobile-header-display":"","site-post-title":"","ast-breadcrumbs-content":"","ast-featured-img":"","footer-sml-layout":"","theme-transparent-header-meta":"default","adv-header-id-meta":"","stick-header-meta":"","header-above-stick-meta":"","header-main-stick-meta":"","header-below-stick-meta":"","astra-migrate-meta-layouts":"default","ast-page-background-enabled":"default","ast-page-background-meta":{"desktop":{"background-color":"","background-image":"","background-repeat":"repeat","background-position":"center center","background-size":"auto","background-attachment":"scroll","background-type":"","background-media":"","overlay-type":"","overlay-color":"","overlay-opacity":"","overlay-gradient":""},"tablet":{"background-color":"","background-image":"","background-repeat":"repeat","background-position":"center center","background-size":"auto","background-attachment":"scroll","background-type":"","background-media":"","overlay-type":"","overlay-color":"","overlay-opacity":"","overlay-gradient":""},"mobile":{"background-color":"","background-image":"","background-repeat":"repeat","background-position":"center center","background-size":"auto","background-attachment":"scroll","background-type":"","background-media":"","overlay-type":"","overlay-color":"","overlay-opacity":"","overlay-gradient":""}},"ast-content-background-meta":{"desktop":{"background-color":"var(--ast-global-color-5)","background-image":"","background-repeat":"repeat","background-position":"center center","background-size":"auto","background-attachment":"scroll","background-type":"","background-media":"","overlay-type":"","overlay-color":"","overlay-opacity":"","overlay-gradient":""},"tablet":{"background-color":"var(--ast-global-color-5)","background-image":"","background-repeat":"repeat","background-position":"center center","background-size":"auto","background-attachment":"scroll","background-type":"","background-media":"","overlay-type":"","overlay-color":"","overlay-opacity":"","overlay-gradient":""},"mobile":{"background-color":"var(--ast-global-color-5)","background-image":"","background-repeat":"repeat","background-position":"center center","background-size":"auto","background-attachment":"scroll","background-type":"","background-media":"","overlay-type":"","overlay-color":"","overlay-opacity":"","overlay-gradient":""}},"footnotes":""},"_links":{"self":[{"href":"https:\/\/corporatecenter.com.br\/home\/index.php?rest_route=\/wp\/v2\/pages\/1983"}],"collection":[{"href":"https:\/\/corporatecenter.com.br\/home\/index.php?rest_route=\/wp\/v2\/pages"}],"about":[{"href":"https:\/\/corporatecenter.com.br\/home\/index.php?rest_route=\/wp\/v2\/types\/page"}],"author":[{"embeddable":true,"href":"https:\/\/corporatecenter.com.br\/home\/index.php?rest_route=\/wp\/v2\/users\/2"}],"replies":[{"embeddable":true,"href":"https:\/\/corporatecenter.com.br\/home\/index.php?rest_route=%2Fwp%2Fv2%2Fcomments&post=1983"}],"version-history":[{"count":3,"href":"https:\/\/corporatecenter.com.br\/home\/index.php?rest_route=\/wp\/v2\/pages\/1983\/revisions"}],"predecessor-version":[{"id":2008,"href":"https:\/\/corporatecenter.com.br\/home\/index.php?rest_route=\/wp\/v2\/pages\/1983\/revisions\/2008"}],"up":[{"embeddable":true,"href":"https:\/\/corporatecenter.com.br\/home\/index.php?rest_route=\/wp\/v2\/pages\/1981"}],"wp:attachment":[{"href":"https:\/\/corporatecenter.com.br\/home\/index.php?rest_route=%2Fwp%2Fv2%2Fmedia&parent=1983"}],"curies":[{"name":"wp","href":"https:\/\/api.w.org\/{rel}","templated":true}]}}